{"id":9,"date":"2026-01-14T06:59:04","date_gmt":"2026-01-14T05:59:04","guid":{"rendered":"https:\/\/volej-manzela.cz\/?page_id=9"},"modified":"2026-01-14T08:47:33","modified_gmt":"2026-01-14T07:47:33","slug":"domu","status":"publish","type":"page","link":"https:\/\/volej-manzela.cz\/","title":{"rendered":"Dom\u016f"},"content":{"rendered":"    <!--[parallax_background]-->\n        <style>.bd-parallax-bg-effect > .bd-section-642881530 {\n            background-color: transparent;\n            z-index: 0;\n        }<\/style>        <div class=\" bd-parallax-bg-841981664  bd-parallax-bg-effect\" data-control-selector=\".bd-section-642881530\">\n            <!--{content}-->\n                    <!--[section]-->\n\t\t<style>\n.bd-section-642881530{height:100vh;background-image:url(http:\/\/volej-manzela.cz\/wp-content\/uploads\/2026\/01\/ffade2191d6fb792bfb881ddd4544cc1_zachod.jpg);background-repeat:no-repeat;background-attachment:scroll;background-size:cover;background-position:right center;}\n@media (max-width: 767px) {.bd-section-642881530{background-image:url(http:\/\/volej-manzela.cz\/wp-content\/uploads\/2026\/01\/9e637884418b0f48d45bf94aff92b892_zachod.jpg);background-position:center top;padding-right:0px;padding-left:0px;}}\n.bd-section-642881530{\n\tline-height:  30.6px;\n\ttext-align:  center;\n\tfont-style:  normal;\n\tfont-weight:  400;\n\tfont-size:  18px;\n\tcolor:  #dddddd;\n}\n.bd-section-642881530 h3{\n\tline-height:  36px;\n\tcolor:  #ffffff;\n\tfont-size:  24px;\n\tfont-weight:  400;\n\tmargin-top:  0.5em;\n}\n.bd-section-642881530 h1{\n\tline-height:  55.2px;\n\tcolor:  #33add6;\n\tfont-size:  48px;\n\tmargin-top:  0.4em;\n\ttext-transform:  uppercase;\n}\n\n@media (max-width: 767px) {.bd-section-642881530 h1{\n\tline-height:  41.4px;\n\tfont-size:  36px;\n}\n}<\/style>\t\t<section id=section3 class=\" bd-section-642881530  bd-tagstyles\" data-section-title=\"Container in Full Width Section\">\n\t\t\t<div class=\"bd-container-inner bd-margins clearfix\">\n\t\t\t\t<!--{content}-->\n\t\t\t\t\t<!--[fluid]--><!--{content}--><!--[layoutbox]--><style>\n.additional-class-543060825{height:100vh;background-color:rgba(0, 0, 0, 0.65);background-image:url(http:\/\/volej-manzela.cz\/wp-content\/uploads\/2026\/01\/1055969_bd_media_id_7197e910135611afef168ca666834a37.png);background-repeat:repeat;background-attachment:scroll;background-position:center center;width:auto;left:0;top:50%;position:absolute;-webkit-transform:translateX(0) translateY(-50%);-moz-transform:translateX(0) translateY(-50%);-ms-transform:translateX(0) translateY(-50%);transform:translateX(0) translateY(-50%);padding:1em 2em;}\n@media (max-width: 767px) {.additional-class-543060825{height:auto;padding-bottom:2em;padding-top:2em;width:100%;}}<\/style><div class=\"clearfix  additional-class-543060825 bd-page-width  bd-no-margins\"><div class=\"bd-container-inner\"><!--{content}--><!--[flex_align]--><style>.bd-flexalign-1055956195{height: 100%;}<\/style><style>\n.bd-flexalign.bd-flexalign-1055956195 > *{margin:auto;}<\/style><div class=\"bd-flexalign  bd-flexalign-1055956195  bd-no-margins\"><!--{content}--><!--[fluid_1]--><!--{content}--><!--[layoutbox_1]--><div class=\"clearfix  additional-class-1715040226 bd-page-width  bd-no-margins\"><div class=\"bd-container-inner\"><!--{content}-->    <!--[text]-->\n        <style>\n.additional-class-579427571{margin-bottom:0px;}<\/style>        <h1 class=\" additional-class-579427571  bd-content-element\">\n            <!--{content}-->\n                <b>Hodinov\u00fd&nbsp;<\/b><br><b>Man\u017eel<\/b>&nbsp;            <!--{\/content}-->\n        <\/h1>\n    <!--[\/text]-->\n\n\t\n\t\t    <!--[text]-->\n                <h3 class=\" additional-class-398323084  bd-content-element\">\n            <!--{content}-->\n                v\u017edy k ruce!            <!--{\/content}-->\n        <\/h3>\n    <!--[\/text]-->\n\n\t\n\t\t\n    <!--[spacer]-->\n    <style>\n.bd-spacer-1204319430{height:2em;margin-top:0px;}\n@media (max-width: 991px) {.bd-spacer-1204319430{height:0.7em;}}\n@media (max-width: 767px) {.bd-spacer-1204319430{height:1em;}}<\/style>    <div class=\" bd-spacer-1204319430  clearfix\">\n        <!--{content}--><!--{\/content}-->\n    <\/div>\n    <!--[\/spacer]-->\n\n    \n\t\n\t\t    <!--[text]-->\n                <p class=\" additional-class-752022091  bd-content-element\">\n            <!--{content}-->\n                Prov\u00e1d\u00edme v\u0161e od nutn\u00fdch<br>&nbsp;oprav a\u017e po velk\u00e9 projekty            <!--{\/content}-->\n        <\/p>\n    <!--[\/text]-->\n\n\t\n\t\t\n    <!--[spacer]-->\n    <style>\n.bd-spacer-461372693{height:2em;margin-top:0px;}\n@media (max-width: 991px) {.bd-spacer-461372693{height:0.7em;}}\n@media (max-width: 767px) {.bd-spacer-461372693{height:1em;}}<\/style>    <div class=\" bd-spacer-461372693  clearfix\">\n        <!--{content}--><!--{\/content}-->\n    <\/div>\n    <!--[\/spacer]-->\n\n    \n\t\n\t\t<!--[button]--><style>\n.additional-class-750486541{display:inline-block;}<\/style><style>.additional-class-750486541 {\n                    text-decoration: inherit;\n\t                display: inline-block;\n\t                speak: none;\n\t            }\n\n                .additional-class-750486541:before {\n                    font-family: 'Billion Web Font';\n\t                font-style: normal;\n\t                font-weight: normal;\n\t                text-decoration: inherit;\n\t                text-align: center;\n\t                text-transform: none;\n\t                width: 1em;\n                }.additional-class-750486541:before {width: auto; visibility: inherit;}.additional-class-750486541:before{display: inline-block;}<\/style><style>.additional-class-750486541:before {\n        vertical-align: middle;\n        text-decoration: none;\n    }<\/style><style>.additional-class-750486541:hover {\n                    text-decoration: inherit;\n\t                display: inline-block;\n\t                speak: none;\n\t            }\n\n                .additional-class-750486541:hover:before {\n                    font-family: 'Billion Web Font';\n\t                font-style: normal;\n\t                font-weight: normal;\n\t                text-decoration: inherit;\n\t                text-align: center;\n\t                text-transform: none;\n\t                width: 1em;\n                }.additional-class-750486541:hover:before {width: auto; visibility: inherit;}.additional-class-750486541:hover:before{display: inline-block;}<\/style><style>.additional-class-750486541:hover:before {\n        vertical-align: middle;\n        text-decoration: none;\n    }<\/style><a href=\"index.php\/kontakt\/\" class=\"bd-button-22  additional-class-750486541  bd-own-margins bd-content-element\"><!--{content}-->\nKontaktujte n\u00e1s\n<!--{\/content}--><\/a><!--[\/button]--><!--{\/content}--><\/div><\/div><!--[\/layoutbox_1]--><!--{\/content}--><!--[\/fluid_1]--><!--{\/content}--><\/div><!--[\/flex_align]--><!--{\/content}--><\/div><\/div><!--[\/layoutbox]--><!--{\/content}--><!--[\/fluid]-->\t\t\t\t<!--{\/content}-->\n\t\t\t<\/div>\n\t\t<\/section>\n\t<!--[\/section]-->\n            <!--{\/content}-->\n        <\/div>\n    <!--[\/parallax_background]-->\n\n","protected":false},"excerpt":{"rendered":"","protected":false},"author":1,"featured_media":0,"parent":0,"menu_order":0,"comment_status":"closed","ping_status":"closed","template":"","meta":{"ngg_post_thumbnail":0,"footnotes":""},"class_list":["post-9","page","type-page","status-publish","hentry"],"_links":{"self":[{"href":"https:\/\/volej-manzela.cz\/index.php\/wp-json\/wp\/v2\/pages\/9","targetHints":{"allow":["GET"]}}],"collection":[{"href":"https:\/\/volej-manzela.cz\/index.php\/wp-json\/wp\/v2\/pages"}],"about":[{"href":"https:\/\/volej-manzela.cz\/index.php\/wp-json\/wp\/v2\/types\/page"}],"author":[{"embeddable":true,"href":"https:\/\/volej-manzela.cz\/index.php\/wp-json\/wp\/v2\/users\/1"}],"replies":[{"embeddable":true,"href":"https:\/\/volej-manzela.cz\/index.php\/wp-json\/wp\/v2\/comments?post=9"}],"version-history":[{"count":8,"href":"https:\/\/volej-manzela.cz\/index.php\/wp-json\/wp\/v2\/pages\/9\/revisions"}],"predecessor-version":[{"id":140,"href":"https:\/\/volej-manzela.cz\/index.php\/wp-json\/wp\/v2\/pages\/9\/revisions\/140"}],"wp:attachment":[{"href":"https:\/\/volej-manzela.cz\/index.php\/wp-json\/wp\/v2\/media?parent=9"}],"curies":[{"name":"wp","href":"https:\/\/api.w.org\/{rel}","templated":true}]}}